

{"id":1774,"date":"2012-03-06T15:06:16","date_gmt":"2012-03-06T15:06:16","guid":{"rendered":"http:\/\/beta.chromosomewalk.ch\/de-quoi-sommes-nous-faits\/"},"modified":"2023-01-30T10:40:32","modified_gmt":"2023-01-30T09:40:32","slug":"woraus-sind-wir-gemacht","status":"publish","type":"page","link":"https:\/\/www.chromosomewalk.ch\/de\/woraus-sind-wir-gemacht\/","title":{"rendered":"Woraus sind wir gemacht?"},"content":{"rendered":"<div class=\"the-content\"><h2><span class='classtoolTips102' style='border-bottom:1px dashed;font-weight:bold;cursor:help;'>Protein<\/span>, <span class='classtoolTips133' style='border-bottom:1px dashed;font-weight:bold;cursor:help;'>Genetischer Code<\/span>, <span class='classtoolTips62' style='border-bottom:1px dashed;font-weight:bold;cursor:help;'>DNA<\/span>, <span class='classtoolTips132' style='border-bottom:1px dashed;font-weight:bold;cursor:help;'>Gen <\/span>&#8230;<\/h2>\n<p>Unser K\u00f6rper besteht aus etwa 100 Billionen <span class='classtoolTips169' style='border-bottom:1px dashed;font-weight:bold;cursor:help;'>Zellen<\/span>. Jede dieser <span class='classtoolTips169' style='border-bottom:1px dashed;font-weight:bold;cursor:help;'>Zellen<\/span> besitzt einen Kern mit 23 Chromosomenpaaren. Jedes dieser Paare besteht aus einem v\u00e4terlichen und einem m\u00fctterlichen <span class='classtoolTips125' style='border-bottom:1px dashed;font-weight:bold;cursor:help;'>Chromosom<\/span>. Ein <span class='classtoolTips125' style='border-bottom:1px dashed;font-weight:bold;cursor:help;'>Chromosom<\/span> ist ein langer, in sich verdrehter Strang (eine Doppelhelix) aus <span class='classtoolTips62' style='border-bottom:1px dashed;font-weight:bold;cursor:help;'>DNA<\/span>. Ein <span class='classtoolTips62' style='border-bottom:1px dashed;font-weight:bold;cursor:help;'>DNA<\/span>-Strang setzt sich wiederum aus einer Kette von 4 verschiedenen Nukleotiden zusammen, die mit A, T, C, und G abgek\u00fcrzt werden. Etwa drei Milliarden dieser Nukleotide sind in unseren 23 Chromosomenpaaren enthalten und bilden unser <span class='classtoolTips135' style='border-bottom:1px dashed;font-weight:bold;cursor:help;'>Genom<\/span>, unsere biologische Identit\u00e4t und das Erbgut, welches wir an unsere Kinder weitergeben.<\/p>\n<p>\u00c4hnlich wie ein Kochbuch besitzt jedes <span class='classtoolTips125' style='border-bottom:1px dashed;font-weight:bold;cursor:help;'>Chromosom<\/span> eine bestimmte Anzahl an Rezepten, die &#8218;<span class='classtoolTips82' style='border-bottom:1px dashed;font-weight:bold;cursor:help;'>Gene<\/span>&#8216; genannt werden. Diese mehr als 20&#8217;000 <span class='classtoolTips82' style='border-bottom:1px dashed;font-weight:bold;cursor:help;'>Gene<\/span> sind Rezepte zur Proteinherstellung. Sobald eine <span class='classtoolTips165' style='border-bottom:1px dashed;font-weight:bold;cursor:help;'>Zelle<\/span> <span class='classtoolTips178' style='border-bottom:1px dashed;font-weight:bold;cursor:help;'>Proteine<\/span> ben\u00f6tigt, werden einige <span class='classtoolTips82' style='border-bottom:1px dashed;font-weight:bold;cursor:help;'>Gene<\/span> &#8218;kopiert&#8216; und die Kopie (genannt Boten-<span class='classtoolTips66' style='border-bottom:1px dashed;font-weight:bold;cursor:help;'>RNA<\/span>) an die <span class='classtoolTips173' style='border-bottom:1px dashed;font-weight:bold;cursor:help;'>Ribosomen<\/span> weitergeleitet, die die <span class='classtoolTips178' style='border-bottom:1px dashed;font-weight:bold;cursor:help;'>Proteine<\/span> herstellen. Es ist unseren <span class='classtoolTips179' style='border-bottom:1px dashed;font-weight:bold;cursor:help;'>Proteinen<\/span> zu verdanken, dass wir atmen, gehen und f\u00fchlen k\u00f6nnen. Ohne sie g\u00e4be es kein Leben.<\/p>\n<p>&nbsp;<\/p>\n<\/div>","protected":false},"excerpt":{"rendered":"<p>Protein, Genetischer Code, DNA, Gen &#8230; Unser K\u00f6rper besteht aus etwa 100 Billionen Zellen. Jede dieser Zellen besitzt einen Kern mit 23 Chromosomenpaaren. Jedes dieser Paare besteht aus einem v\u00e4terlichen und einem m\u00fctterlichen Chromosom. Ein Chromosom ist ein langer, in sich verdrehter Strang (eine Doppelhelix) aus DNA. Ein DNA-Strang setzt sich wiederum aus einer Kette [&hellip;]<\/p>\n","protected":false},"author":15,"featured_media":0,"parent":0,"menu_order":4,"comment_status":"closed","ping_status":"closed","template":"","meta":{"_acf_changed":false,"footnotes":""},"class_list":["post-1774","page","type-page","status-publish","hentry"],"acf":[],"_links":{"self":[{"href":"https:\/\/www.chromosomewalk.ch\/de\/wp-json\/wp\/v2\/pages\/1774","targetHints":{"allow":["GET"]}}],"collection":[{"href":"https:\/\/www.chromosomewalk.ch\/de\/wp-json\/wp\/v2\/pages"}],"about":[{"href":"https:\/\/www.chromosomewalk.ch\/de\/wp-json\/wp\/v2\/types\/page"}],"author":[{"embeddable":true,"href":"https:\/\/www.chromosomewalk.ch\/de\/wp-json\/wp\/v2\/users\/15"}],"replies":[{"embeddable":true,"href":"https:\/\/www.chromosomewalk.ch\/de\/wp-json\/wp\/v2\/comments?post=1774"}],"version-history":[{"count":18,"href":"https:\/\/www.chromosomewalk.ch\/de\/wp-json\/wp\/v2\/pages\/1774\/revisions"}],"predecessor-version":[{"id":6285,"href":"https:\/\/www.chromosomewalk.ch\/de\/wp-json\/wp\/v2\/pages\/1774\/revisions\/6285"}],"wp:attachment":[{"href":"https:\/\/www.chromosomewalk.ch\/de\/wp-json\/wp\/v2\/media?parent=1774"}],"curies":[{"name":"wp","href":"https:\/\/api.w.org\/{rel}","templated":true}]}}