

{"id":1739,"date":"2012-03-06T15:12:17","date_gmt":"2012-03-06T15:12:17","guid":{"rendered":"http:\/\/beta.chromosomewalk.ch\/la-bioinformatique-sert-a\/"},"modified":"2020-08-21T11:26:34","modified_gmt":"2020-08-21T09:26:34","slug":"aufgabenstellungen-der-bioinformatik","status":"publish","type":"page","link":"https:\/\/www.chromosomewalk.ch\/de\/aufgabenstellungen-der-bioinformatik\/","title":{"rendered":"Aufgabenstellungen der Bioinformatik"},"content":{"rendered":"<div class=\"the-content\"><h2>Die <span class='classtoolTips124' style='border-bottom:1px dashed;font-weight:bold;cursor:help;'>Bioinformatik<\/span><\/h2>\n<p>Diese junge Wissenschaft entwickelt Computerprogramme f\u00fcr die biowissenschaftliche Forschung. Heute ist die Menge an Daten, die mittels neuer Hochleistungstechnologien in den Laboratorien generiert wird, \u00fcberw\u00e4ltigend. Es ist nun nicht mehr m\u00f6glich, diese Daten wie fr\u00fcher &#8218;von Hand&#8216; zu analysieren. Deshalb wurde die <span class='classtoolTips124' style='border-bottom:1px dashed;font-weight:bold;cursor:help;'>Bioinformatik<\/span> zu einem wichtigen Verb\u00fcndeten der Forscher.<\/p>\n<p>&nbsp;<\/p>\n<p><a href=\"http:\/\/www.sib.swiss\/\" target=\"_blank\" rel=\"noopener noreferrer\">SIB Schweizerisches Institut f\u00fcr <span class='classtoolTips124' style='border-bottom:1px dashed;font-weight:bold;cursor:help;'>Bioinformatik<\/span><\/a><\/p>\n<p><a title=\"Wer sind wir?\" href=\"http:\/\/www.chromosomewalk.ch\/de\/wer-sind-wir\/\">Wer sind wir?<\/a><\/p>\n<\/div>","protected":false},"excerpt":{"rendered":"<p>Die Bioinformatik Diese junge Wissenschaft entwickelt Computerprogramme f\u00fcr die biowissenschaftliche Forschung. Heute ist die Menge an Daten, die mittels neuer Hochleistungstechnologien in den Laboratorien generiert wird, \u00fcberw\u00e4ltigend. Es ist nun nicht mehr m\u00f6glich, diese Daten wie fr\u00fcher &#8218;von Hand&#8216; zu analysieren. Deshalb wurde die Bioinformatik zu einem wichtigen Verb\u00fcndeten der Forscher. &nbsp; SIB Schweizerisches Institut [&hellip;]<\/p>\n","protected":false},"author":15,"featured_media":0,"parent":0,"menu_order":3,"comment_status":"closed","ping_status":"closed","template":"","meta":{"_acf_changed":false,"footnotes":""},"class_list":["post-1739","page","type-page","status-publish","hentry"],"acf":[],"_links":{"self":[{"href":"https:\/\/www.chromosomewalk.ch\/de\/wp-json\/wp\/v2\/pages\/1739","targetHints":{"allow":["GET"]}}],"collection":[{"href":"https:\/\/www.chromosomewalk.ch\/de\/wp-json\/wp\/v2\/pages"}],"about":[{"href":"https:\/\/www.chromosomewalk.ch\/de\/wp-json\/wp\/v2\/types\/page"}],"author":[{"embeddable":true,"href":"https:\/\/www.chromosomewalk.ch\/de\/wp-json\/wp\/v2\/users\/15"}],"replies":[{"embeddable":true,"href":"https:\/\/www.chromosomewalk.ch\/de\/wp-json\/wp\/v2\/comments?post=1739"}],"version-history":[{"count":24,"href":"https:\/\/www.chromosomewalk.ch\/de\/wp-json\/wp\/v2\/pages\/1739\/revisions"}],"predecessor-version":[{"id":5456,"href":"https:\/\/www.chromosomewalk.ch\/de\/wp-json\/wp\/v2\/pages\/1739\/revisions\/5456"}],"wp:attachment":[{"href":"https:\/\/www.chromosomewalk.ch\/de\/wp-json\/wp\/v2\/media?parent=1739"}],"curies":[{"name":"wp","href":"https:\/\/api.w.org\/{rel}","templated":true}]}}